{"id":81,"date":"2019-05-30T07:15:24","date_gmt":"2019-05-30T07:15:24","guid":{"rendered":"http:\/\/www.cestazrokle.cz\/?page_id=81"},"modified":"2019-06-24T11:49:45","modified_gmt":"2019-06-24T11:49:45","slug":"petice","status":"publish","type":"page","link":"https:\/\/www.cestazrokle.cz\/index.php\/petice\/","title":{"rendered":"Petice &#8211; Ohlasy"},"content":{"rendered":"\n<p>Kliknut\u00edm na n\u00ed\u017ee uveden\u00fd link budete p\u0159esm\u011brov\u00e1ni na str\u00e1nky, kde m\u016f\u017eete p\u0159idat sv\u016fj hlas k &#8222;Petici za zachov\u00e1n\u00ed cesty v are\u00e1lu h\u0159i\u0161t\u011b Zborovsk\u00e1 rokle v\u00fdhradn\u011b pro  p\u011b\u0161\u00ed a cyklisty&#8220;.  <\/p>\n\n\n\n<p><a href=\"https:\/\/www.petice24.com\/jsme_proti_tomu_aby_pes_liberecke_dtske_hit_ve_zborovske_ulici_jezdila_aut\">https:\/\/www.petice24.com\/jsme_proti_tomu_aby_pes_liberecke_dtske_hit_ve_zborovske_ulici_jezdila_aut<\/a><\/p>\n\n\n\n<p>Na uveden\u00e9 webov\u00e9 adrese petice rovn\u011b\u017e najdete koment\u00e1\u0159e a ohlasy k tomuto t\u00e9matu. <\/p>\n\n\n\n<p><\/p>\n","protected":false},"excerpt":{"rendered":"<p>Kliknut\u00edm na n\u00ed\u017ee uveden\u00fd link budete p\u0159esm\u011brov\u00e1ni na str\u00e1nky, kde m\u016f\u017eete p\u0159idat sv\u016fj hlas k &#8222;Petici za zachov\u00e1n\u00ed cesty v are\u00e1lu h\u0159i\u0161t\u011b Zborovsk\u00e1 rokle v\u00fdhradn\u011b pro p\u011b\u0161\u00ed a cyklisty&#8220;. https:\/\/www.petice24.com\/jsme_proti_tomu_aby_pes_liberecke_dtske_hit_ve_zborovske_ulici_jezdila_aut Na uveden\u00e9 webov\u00e9 adrese petice rovn\u011b\u017e najdete koment\u00e1\u0159e a ohlasy k tomuto t\u00e9matu.<\/p>\n","protected":false},"author":1,"featured_media":0,"parent":0,"menu_order":0,"comment_status":"closed","ping_status":"closed","template":"","meta":{"footnotes":""},"class_list":["post-81","page","type-page","status-publish","hentry"],"_links":{"self":[{"href":"https:\/\/www.cestazrokle.cz\/index.php\/wp-json\/wp\/v2\/pages\/81","targetHints":{"allow":["GET"]}}],"collection":[{"href":"https:\/\/www.cestazrokle.cz\/index.php\/wp-json\/wp\/v2\/pages"}],"about":[{"href":"https:\/\/www.cestazrokle.cz\/index.php\/wp-json\/wp\/v2\/types\/page"}],"author":[{"embeddable":true,"href":"https:\/\/www.cestazrokle.cz\/index.php\/wp-json\/wp\/v2\/users\/1"}],"replies":[{"embeddable":true,"href":"https:\/\/www.cestazrokle.cz\/index.php\/wp-json\/wp\/v2\/comments?post=81"}],"version-history":[{"count":10,"href":"https:\/\/www.cestazrokle.cz\/index.php\/wp-json\/wp\/v2\/pages\/81\/revisions"}],"predecessor-version":[{"id":274,"href":"https:\/\/www.cestazrokle.cz\/index.php\/wp-json\/wp\/v2\/pages\/81\/revisions\/274"}],"wp:attachment":[{"href":"https:\/\/www.cestazrokle.cz\/index.php\/wp-json\/wp\/v2\/media?parent=81"}],"curies":[{"name":"wp","href":"https:\/\/api.w.org\/{rel}","templated":true}]}}