{"id":275,"date":"2019-06-27T08:23:46","date_gmt":"2019-06-27T08:23:46","guid":{"rendered":"http:\/\/www.cestazrokle.cz\/?page_id=275"},"modified":"2019-08-30T06:34:04","modified_gmt":"2019-08-30T06:34:04","slug":"aktualne","status":"publish","type":"page","link":"https:\/\/www.cestazrokle.cz\/index.php\/aktualne\/","title":{"rendered":"Aktu\u00e1ln\u011b"},"content":{"rendered":"\n<p><strong>24.8. 2019<\/strong> Odkaz na \u010dl\u00e1nek v Libereck\u00e9m den\u00edku komentuj\u00edc\u00ed prob\u011bhl\u00e9 projedn\u00e1v\u00e1n\u00ed:  <a rel=\"noreferrer noopener\" target=\"_blank\" href=\"https:\/\/liberecky.denik.cz\/zpravy_region\/preli-se-o-ceste-ve-zborovske-rokli-v-liberci-mistnim-vadi-i-planovany-dum-20190824.html\">https:\/\/liberecky.denik.cz\/zpravy_region\/preli-se-o-ceste-ve-zborovske-rokli-v-liberci-mistnim-vadi-i-planovany-dum-20190824.html<\/a> <\/p>\n\n\n\n<p>Dne <strong>21.8. 2019<\/strong> od 16:30 se bude konat v\u00a0Mal\u00e9m s\u00e1le Lidov\u00fdch sad\u016f (kone\u010dn\u00e1 tramvaje)  <strong>ve\u0159ejn\u00e9 projedn\u00e1v\u00e1n\u00ed na t\u00e9ma v\u00fdstavba viladomu ve Zborovsk\u00e9 ulici<\/strong>. Pros\u00edme v\u0161echny, kter\u00fdm nen\u00ed osud h\u0159i\u0161t\u011b a na\u0161\u00ed \u010dtvrti lhostejn\u00fd, aby p\u0159i\u0161li vyj\u00e1d\u0159it sv\u016fj n\u00e1zor.  <br><\/p>\n\n\n\n<p><strong>13.8. 2019<\/strong> Odkaz na \u010dl\u00e1nek v Libereck\u00e9m den\u00edku:  <a href=\"https:\/\/liberecky.denik.cz\/zpravy_region\/spor-o-cestu-v-liberecke-zborovske-rokli-pomuze-vyresit-odbornice-zvenci-20190813.html\">https:\/\/liberecky.denik.cz\/zpravy_region\/spor-o-cestu-v-liberecke-zborovske-rokli-pomuze-vyresit-odbornice-zvenci-20190813.html<\/a>   <\/p>\n\n\n\n<p><strong>27.6. 2019<\/strong>  &#8211; Bod \u010d. 35 (pl\u00e1novac\u00ed smlouva &#8211; komunikace ve Zborovsk\u00e9 rokli) byl sta\u017een z programu zased\u00e1n\u00ed zastupitelstva. <br><\/p>\n","protected":false},"excerpt":{"rendered":"<p>24.8. 2019 Odkaz na \u010dl\u00e1nek v Libereck\u00e9m den\u00edku komentuj\u00edc\u00ed prob\u011bhl\u00e9 projedn\u00e1v\u00e1n\u00ed: https:\/\/liberecky.denik.cz\/zpravy_region\/preli-se-o-ceste-ve-zborovske-rokli-v-liberci-mistnim-vadi-i-planovany-dum-20190824.html Dne 21.8. 2019 od 16:30 se bude konat v\u00a0Mal\u00e9m s\u00e1le Lidov\u00fdch sad\u016f (kone\u010dn\u00e1 tramvaje) ve\u0159ejn\u00e9 projedn\u00e1v\u00e1n\u00ed na t\u00e9ma v\u00fdstavba viladomu ve Zborovsk\u00e9 ulici. Pros\u00edme v\u0161echny, kter\u00fdm nen\u00ed osud h\u0159i\u0161t\u011b a na\u0161\u00ed \u010dtvrti lhostejn\u00fd, aby p\u0159i\u0161li vyj\u00e1d\u0159it sv\u016fj n\u00e1zor. 13.8. 2019 Odkaz na \u010dl\u00e1nek &hellip; <\/p>\n<p class=\"link-more\"><a href=\"https:\/\/www.cestazrokle.cz\/index.php\/aktualne\/\" class=\"more-link\">Pokra\u010dovat ve \u010dten\u00ed<span class=\"screen-reader-text\"> &#8222;Aktu\u00e1ln\u011b&#8220;<\/span><\/a><\/p>\n","protected":false},"author":1,"featured_media":0,"parent":0,"menu_order":0,"comment_status":"closed","ping_status":"closed","template":"","meta":{"footnotes":""},"class_list":["post-275","page","type-page","status-publish","hentry"],"_links":{"self":[{"href":"https:\/\/www.cestazrokle.cz\/index.php\/wp-json\/wp\/v2\/pages\/275","targetHints":{"allow":["GET"]}}],"collection":[{"href":"https:\/\/www.cestazrokle.cz\/index.php\/wp-json\/wp\/v2\/pages"}],"about":[{"href":"https:\/\/www.cestazrokle.cz\/index.php\/wp-json\/wp\/v2\/types\/page"}],"author":[{"embeddable":true,"href":"https:\/\/www.cestazrokle.cz\/index.php\/wp-json\/wp\/v2\/users\/1"}],"replies":[{"embeddable":true,"href":"https:\/\/www.cestazrokle.cz\/index.php\/wp-json\/wp\/v2\/comments?post=275"}],"version-history":[{"count":6,"href":"https:\/\/www.cestazrokle.cz\/index.php\/wp-json\/wp\/v2\/pages\/275\/revisions"}],"predecessor-version":[{"id":285,"href":"https:\/\/www.cestazrokle.cz\/index.php\/wp-json\/wp\/v2\/pages\/275\/revisions\/285"}],"wp:attachment":[{"href":"https:\/\/www.cestazrokle.cz\/index.php\/wp-json\/wp\/v2\/media?parent=275"}],"curies":[{"name":"wp","href":"https:\/\/api.w.org\/{rel}","templated":true}]}}