{"id":17,"date":"2019-05-29T16:46:35","date_gmt":"2019-05-29T16:46:35","guid":{"rendered":"http:\/\/www.cestazrokle.cz\/?page_id=17"},"modified":"2019-06-01T00:09:15","modified_gmt":"2019-06-01T00:09:15","slug":"historie","status":"publish","type":"page","link":"https:\/\/www.cestazrokle.cz\/index.php\/historie\/","title":{"rendered":"Historie"},"content":{"rendered":"<p>Od Sametov\u00e9 revoluce a\u017e do roku 2013 nebyl are\u00e1l h\u0159i\u0161t\u011b t\u00e9m\u011b\u0159 udr\u017eov\u00e1n. Jeho stav se velmi rychle zhor\u0161oval.\u00a0 V roce 2011 se n\u00e1m (na\u0161emu spolku) za podpory tehdej\u0161\u00edch zastupitel\u016f (up\u0159\u00edmn\u00e9 d\u00edky) poda\u0159ilo za\u0159adit rekonstrukci h\u0159i\u0161t\u011b Zborovsk\u00e1 (spole\u010dn\u011b s parkem Dub\u00e1k a h\u0159i\u0161t\u011bm Ka\u0161tanka) do programu IPRM financovan\u00e9ho z dotac\u00ed EU. V roce 2012 prob\u011bhly p\u0159\u00edpravn\u00e9\u00a0 a projektov\u00e9 pr\u00e1ce na kter\u00fdch jsme se spole\u010dn\u011b\u00a0 se zam\u011bstnanci magistr\u00e1tu pod\u00edleli. (I za tuto mo\u017enost jsme vd\u011b\u010dni).\u00a0 V n\u00e1sleduj\u00edc\u00edm roce se uskute\u010dnila rekonstrukce h\u0159i\u0161t\u011b.<\/p>\n<p>V\u00fdsledkem je velmi dob\u0159e funguj\u00edc\u00ed are\u00e1l, kde najdou m\u00edsto d\u011bti s florbalkami,\u00a0 maminky s ko\u010d\u00e1rky,\u00a0 pejska\u0159i,\u00a0 lukost\u0159elci,\u00a0 milovn\u00edci dron\u016f, rekrea\u010dn\u00ed sportovci (lze hr\u00e1t fotbal, basketbal, nohejbal, volejbal), nebo lid\u00e9, kte\u0159\u00ed si cht\u011bj\u00ed jen sednout do tr\u00e1vy a u\u017e\u00edt si s d\u011btmi hezkou sobotu. Obl\u00edben\u00e9 je zimn\u00ed s\u00e1\u0148kov\u00e1n\u00ed. Are\u00e1l velmi dob\u0159e slou\u017e\u00ed i d\u011btem ze sousedn\u00ed \u0161kolky a \u0161koly.<\/p>\n<p>M\u00e1me up\u0159\u00edmnou radost, \u017ee spole\u010dn\u00e9 d\u00edlo se poda\u0159ilo.<\/p>\n","protected":false},"excerpt":{"rendered":"<p>Od Sametov\u00e9 revoluce a\u017e do roku 2013 nebyl are\u00e1l h\u0159i\u0161t\u011b t\u00e9m\u011b\u0159 udr\u017eov\u00e1n. Jeho stav se velmi rychle zhor\u0161oval.\u00a0 V roce 2011 se n\u00e1m (na\u0161emu spolku) za podpory tehdej\u0161\u00edch zastupitel\u016f (up\u0159\u00edmn\u00e9 d\u00edky) poda\u0159ilo za\u0159adit rekonstrukci h\u0159i\u0161t\u011b Zborovsk\u00e1 (spole\u010dn\u011b s parkem Dub\u00e1k a h\u0159i\u0161t\u011bm Ka\u0161tanka) do programu IPRM financovan\u00e9ho z dotac\u00ed EU. V roce 2012 prob\u011bhly p\u0159\u00edpravn\u00e9\u00a0 &hellip; <\/p>\n<p class=\"link-more\"><a href=\"https:\/\/www.cestazrokle.cz\/index.php\/historie\/\" class=\"more-link\">Pokra\u010dovat ve \u010dten\u00ed<span class=\"screen-reader-text\"> &#8222;Historie&#8220;<\/span><\/a><\/p>\n","protected":false},"author":1,"featured_media":0,"parent":0,"menu_order":0,"comment_status":"closed","ping_status":"closed","template":"","meta":{"footnotes":""},"class_list":["post-17","page","type-page","status-publish","hentry"],"_links":{"self":[{"href":"https:\/\/www.cestazrokle.cz\/index.php\/wp-json\/wp\/v2\/pages\/17","targetHints":{"allow":["GET"]}}],"collection":[{"href":"https:\/\/www.cestazrokle.cz\/index.php\/wp-json\/wp\/v2\/pages"}],"about":[{"href":"https:\/\/www.cestazrokle.cz\/index.php\/wp-json\/wp\/v2\/types\/page"}],"author":[{"embeddable":true,"href":"https:\/\/www.cestazrokle.cz\/index.php\/wp-json\/wp\/v2\/users\/1"}],"replies":[{"embeddable":true,"href":"https:\/\/www.cestazrokle.cz\/index.php\/wp-json\/wp\/v2\/comments?post=17"}],"version-history":[{"count":9,"href":"https:\/\/www.cestazrokle.cz\/index.php\/wp-json\/wp\/v2\/pages\/17\/revisions"}],"predecessor-version":[{"id":145,"href":"https:\/\/www.cestazrokle.cz\/index.php\/wp-json\/wp\/v2\/pages\/17\/revisions\/145"}],"wp:attachment":[{"href":"https:\/\/www.cestazrokle.cz\/index.php\/wp-json\/wp\/v2\/media?parent=17"}],"curies":[{"name":"wp","href":"https:\/\/api.w.org\/{rel}","templated":true}]}}