{"id":16,"date":"2019-05-29T16:46:35","date_gmt":"2019-05-29T16:46:35","guid":{"rendered":"http:\/\/www.cestazrokle.cz\/?page_id=16"},"modified":"2019-06-02T14:57:04","modified_gmt":"2019-06-02T14:57:04","slug":"proc","status":"publish","type":"page","link":"https:\/\/www.cestazrokle.cz\/","title":{"rendered":"Pro\u010d?"},"content":{"rendered":"<p>Tyto str\u00e1nky vznikly na podporu zachov\u00e1n\u00ed sou\u010dasn\u00e9ho stavu p\u0159\u00edstupov\u00e9 cesty v are\u00e1lu libereck\u00e9ho h\u0159i\u0161t\u011b Zborovsk\u00e1 rokle.<\/p>\n<p>Hroz\u00ed re\u00e1ln\u00e9 nebezpe\u010d\u00ed, \u017ee by tato cesta p\u0159es d\u011btsk\u00e9 h\u0159i\u0161t\u011b mohla poslou\u017eit jako p\u0159\u00edjezdov\u00e1 komunikace\u00a0 k pl\u00e1novan\u00e9mu vila-domu (m\u011bl by vyr\u016fst na sousedn\u00edm pozemku). R\u00e1di bychom touto cestou zve\u0159ejnili d\u016fvody pro\u010d chceme zachovat jej\u00ed sou\u010dasnou podobu a z\u00e1rove\u0148 umo\u017enili na\u0161im spoluob\u010dan\u016fm,\u00a0 vyj\u00e1d\u0159it sv\u016fj n\u00e1zor.<\/p>\n\n\n<p><\/p>\n","protected":false},"excerpt":{"rendered":"<p>Tyto str\u00e1nky vznikly na podporu zachov\u00e1n\u00ed sou\u010dasn\u00e9ho stavu p\u0159\u00edstupov\u00e9 cesty v are\u00e1lu libereck\u00e9ho h\u0159i\u0161t\u011b Zborovsk\u00e1 rokle. Hroz\u00ed re\u00e1ln\u00e9 nebezpe\u010d\u00ed, \u017ee by tato cesta p\u0159es d\u011btsk\u00e9 h\u0159i\u0161t\u011b mohla poslou\u017eit jako p\u0159\u00edjezdov\u00e1 komunikace\u00a0 k pl\u00e1novan\u00e9mu vila-domu (m\u011bl by vyr\u016fst na sousedn\u00edm pozemku). R\u00e1di bychom touto cestou zve\u0159ejnili d\u016fvody pro\u010d chceme zachovat jej\u00ed sou\u010dasnou podobu a z\u00e1rove\u0148 umo\u017enili &hellip; <\/p>\n<p class=\"link-more\"><a href=\"https:\/\/www.cestazrokle.cz\/\" class=\"more-link\">Pokra\u010dovat ve \u010dten\u00ed<span class=\"screen-reader-text\"> &#8222;Pro\u010d?&#8220;<\/span><\/a><\/p>\n","protected":false},"author":1,"featured_media":0,"parent":0,"menu_order":0,"comment_status":"closed","ping_status":"closed","template":"","meta":{"footnotes":""},"class_list":["post-16","page","type-page","status-publish","hentry"],"_links":{"self":[{"href":"https:\/\/www.cestazrokle.cz\/index.php\/wp-json\/wp\/v2\/pages\/16","targetHints":{"allow":["GET"]}}],"collection":[{"href":"https:\/\/www.cestazrokle.cz\/index.php\/wp-json\/wp\/v2\/pages"}],"about":[{"href":"https:\/\/www.cestazrokle.cz\/index.php\/wp-json\/wp\/v2\/types\/page"}],"author":[{"embeddable":true,"href":"https:\/\/www.cestazrokle.cz\/index.php\/wp-json\/wp\/v2\/users\/1"}],"replies":[{"embeddable":true,"href":"https:\/\/www.cestazrokle.cz\/index.php\/wp-json\/wp\/v2\/comments?post=16"}],"version-history":[{"count":10,"href":"https:\/\/www.cestazrokle.cz\/index.php\/wp-json\/wp\/v2\/pages\/16\/revisions"}],"predecessor-version":[{"id":148,"href":"https:\/\/www.cestazrokle.cz\/index.php\/wp-json\/wp\/v2\/pages\/16\/revisions\/148"}],"wp:attachment":[{"href":"https:\/\/www.cestazrokle.cz\/index.php\/wp-json\/wp\/v2\/media?parent=16"}],"curies":[{"name":"wp","href":"https:\/\/api.w.org\/{rel}","templated":true}]}}